{"id":403,"date":"2024-04-05T02:09:03","date_gmt":"2024-04-05T02:09:03","guid":{"rendered":"https:\/\/xinyumin.com\/?page_id=403"},"modified":"2025-05-04T11:07:53","modified_gmt":"2025-05-04T03:07:53","slug":"home","status":"publish","type":"page","link":"https:\/\/xinyumin.com\/","title":{"rendered":"Home"},"content":{"rendered":"\n<p class=\"has-text-align-center has-accent-5-color has-text-color has-link-color has-x-large-font-size wp-elements-1f04fdb44868d10b23ced560a9208912\" style=\"font-style:normal;font-weight:800\">Welcome \u6b22\u8fce\u5149\u4e34<\/p>\n\n\n\n<figure class=\"wp-block-image aligncenter size-full is-resized\"><img loading=\"lazy\" decoding=\"async\" width=\"1016\" height=\"1016\" src=\"https:\/\/xinyumin.com\/wp-content\/uploads\/2024\/04\/Logo-3.png\" alt=\"\" class=\"wp-image-276\" style=\"width:251px;height:auto\" srcset=\"https:\/\/xinyumin.com\/wp-content\/uploads\/2024\/04\/Logo-3.png 1016w, https:\/\/xinyumin.com\/wp-content\/uploads\/2024\/04\/Logo-3-300x300.png 300w, https:\/\/xinyumin.com\/wp-content\/uploads\/2024\/04\/Logo-3-100x100.png 100w, https:\/\/xinyumin.com\/wp-content\/uploads\/2024\/04\/Logo-3-600x600.png 600w, https:\/\/xinyumin.com\/wp-content\/uploads\/2024\/04\/Logo-3-150x150.png 150w, https:\/\/xinyumin.com\/wp-content\/uploads\/2024\/04\/Logo-3-768x768.png 768w\" sizes=\"auto, (max-width: 1016px) 100vw, 1016px\" \/><\/figure>\n\n\n\n<p class=\"has-text-align-center\">Please scan the QR code to make your order, Thank you !<\/p>\n\n\n\n<p class=\"has-text-align-center\">\u8bf7\u626b\u7801\u70b9\u9910\uff0c \u8c22\u8c22 \uff01<\/p>\n\n\n\n<div style=\"height:66px\" aria-hidden=\"true\" class=\"wp-block-spacer\"><\/div>\n\n<div style=\"overflow:hidden;height:1px\"><a href=\"https:\/\/ru.kz-pinupcasino.com\/\">pin up casino \u043e\u0444\u0438\u0446\u0438\u0430\u043b\u044c\u043d\u044b\u0439 \u0441\u0430\u0439\u0442<\/a><\/div>\n<div style=\"overflow:hidden;height:1px\"><a href=\"https:\/\/spirituality-psychology.com\/spiritual-mediums-near-me\/\">medium psychic near me<\/a><\/div>\n<div style=\"overflow:hidden;height:1px\"><a href=\"https:\/\/hub420.shop\/product\/buy-zkittlez\/\">zkittlez strain uk<\/a><\/div>\n<div style=\"overflow:hidden;height:1px\"><a href=\"https:\/\/ulimep.com\/product\/thc-vape-pen-cookies-1-ml\/\">thc disposable vape uk<\/a><\/div>\n<div style=\"overflow:hidden;height:1px\"><a href=\"https:\/\/azino777.ru\/\">Azino777<\/a><\/div>\n<div style=\"overflow:hidden;height:1px\"><a href=\"https:\/\/olimpbetcasino.com\/\">olimp casino kz<\/a><\/div>\n<div style=\"overflow:hidden;height:1px\"><a href=\"https:\/\/lotoclub-37.com\/\">lotoclub37<\/a><\/div>\n<div style=\"overflow:hidden;height:1px\"><a href=\"https:\/\/pornito.xxx\/\">xxx pornitos<\/a><\/div>\n<div style=\"overflow:hidden;height:1px\"><a href=\"https:\/\/fapster.xxx\/models\/cumatozz\/\">cumatozz xxx<\/a><\/div>%2171725801947342%\n<div style=\"overflow:hidden;height:1px\"><a href=\"https:\/\/jeetcityca.com\/\">jeetcity<\/a><\/div>\n<div style=\"overflow:hidden;height:1px\"><a href=\"http:\/\/stake-casinos.net\/\">stake<\/a><\/div>\n<div style=\"overflow:hidden;height:1px\"><a href=\"https:\/\/onexbet-uzbek.com\/\">1xbet uz<\/a><\/div>\n<div style=\"overflow:hidden;height:1px\"><a href=\"https:\/\/casino770mobile.com\/\">casino 770 machines a sous gratuites<\/a><\/div>\n<div style=\"overflow:hidden;height:1px\"><a href=\"https:\/\/aviator-az.org\">aviator indir<\/a><\/div>\n<div style=\"overflow:hidden;height:1px\"><a href=\"https:\/\/opsucesso.com\/\">galera bet<\/a><\/div>\n<div style=\"overflow:hidden;height:1px\"><a href=\"https:\/\/1-win-oyunu.com\/\">1 win<\/a><\/div>\n<div style=\"overflow:hidden;height:1px\"><a href=\"https:\/\/lotosbc.kz\/\">\u043b\u043e\u0442\u043e \u043a\u043b\u0443\u0431 \u043e\u043d\u043b\u0430\u0439\u043d<\/a><\/div><div class=\"4a3635fdd2dfdca7dd0d53848abb7d48\" style=\"position: absolute;top: -999356px\">Herhangi bir sorunla kar\u015f\u0131la\u015ft\u0131\u011f\u0131n\u0131zda, Mostbet&#8217;in tecr\u00fcbeli destek ekibi size an\u0131nda yard\u0131mc\u0131 olacakt\u0131r. B\u00f6ylece kesintisiz bir bahis deneyimi ya\u015fayabilirsiniz. <a href=\"https:\/\/yalikavakhotels.com.tr\/\">Mostbet t\u00fcrkiye bahis<\/a> sitesinde, profesyonel ve h\u0131zl\u0131 bir teknik destek hizmeti bulunmaktad\u0131r. <\/div>\n<div style=\"overflow:hidden;height:1px\"><a href=\"https:\/\/pincocasinokz.org\/\">\u041f\u0438\u043d\u043a\u043e \u043a\u0430\u0437\u0438\u043d\u043e \u041a\u0430\u0437\u0430\u0445\u0441\u0442\u0430\u043d<\/a><\/div>\n<div style=\"overflow:hidden;height:1px\"><a href=\"https:\/\/betsala-cl.com\/\">betsala 11<\/a><\/div>\n<div style=\"overflow:hidden;height:1px\"><a href=\"https:\/\/pinup-casino-in.org\/\">pin up<\/a><\/div>\n<div style=\"overflow:hidden;height:1px\"><a href=\"https:\/\/mooncityz.com\/\">moonwin<\/a><\/div>\n<div style=\"overflow:hidden;height:1px\"><a href=\"https:\/\/loto-kz.net\/\">loto<\/a><\/div><div class=\"d41d8cd98f00b204e9800998ecf8427e\" style=\"position: absolute;right: -999621px\"> <a href=\"https:\/\/pivovar-vlg.ru\/\">admiral x ru<\/a> <\/div>\n<div style=\"overflow:hidden;height:1px\"><a href=\"https:\/\/pinupbangladesh.org\/\">pin up<\/a><\/div>\n<div style=\"overflow:hidden;height:1px\"><a href=\"http:\/\/zahranicnekasinapreslovakov.com\">zahranicnekasinapreslovakov.com<\/a><\/div>\n<div style=\"overflow:hidden;height:1px\"><a href=\"https:\/\/360apuesta.com\/\">apuesta 360<\/a><\/div>\n<div style=\"overflow:hidden;height:1px\"><a href=\"https:\/\/loto-kz.org\/lotteries\/keno\/\">\u043b\u043e\u0442\u0435\u0440\u0435\u044f \u043a\u0435\u043d\u043e<\/a><\/div>\n<div style=\"overflow:hidden;height:1px\"><a href=\"https:\/\/wildsinofun.com\">wildsinofun.com<\/a><\/div><div class=\"e0365d91df49e5bb1e28bec9153f25fe\" style=\"position: absolute;left: -999991px\">Laten we eens onderzoeken de pluspunten van een casino zonder inschrijving. Internetcasino&#8217;s geven vaak beloningen en aanbiedingen aan deelnemers die deelnemen zonder registratie. Bovendien bieden online casino&#8217;s spelers meestal de mogelijkheid de spellen kosteloos te proberen voor ze zich aanmelden. Tot slot kan  een perfecte manier zijn om digitaal anoniem te blijven. Dit is zeker belangrijk voor mensen die bezorgd zijn om hun gegevens op het web.<\/div>\n<div style=\"overflow:hidden;height:1px\"><a href=\"https:\/\/lotoclubio.kz\/kz\/\">\u043b\u043e\u0442\u043e \u043a\u043b\u0443\u0431 \u043a\u0430\u0437\u0438\u043d\u043e<\/a><\/div>\n<div style=\"overflow:hidden;height:1px\"><a href=\"https:\/\/apuesta360-sport.com\/\">apuesta360<\/a><\/div>\n<div style=\"overflow:hidden;height:1px\"><a href=\"https:\/\/dotbigbroker.info\/\">dotbig broker<\/a><\/div>\n<div style=\"overflow:hidden;height:1px\"><a href=\"https:\/\/citobetcasino.net\/\">citobet<\/a><\/div>\n<div style=\"overflow:hidden;height:1px\"><a href=\"https:\/\/jeet-city-bonus.com\/\">jeet city casino<\/a><\/div>\n<div style=\"overflow:hidden;height:1px\"><a href=\"https:\/\/moonplaysand.com\/\">moonwin<\/a><\/div>\n<div style=\"overflow:hidden;height:1px\"><a href=\"https:\/\/ggbetcassino.com\/\">ggbet<\/a><\/div>\n<div style=\"overflow:hidden;height:1px\"><a href=\"https:\/\/lotoru-play.com\/\">\u043b\u043e\u0442\u043e \u043a\u043b\u0443\u0431<\/a><\/div>\n<div style=\"overflow:hidden;height:1px\"><a href=\"https:\/\/realbetify.com\/\">betify<\/a><\/div>\n<div style=\"overflow:hidden;height:1px\"><a href=\"https:\/\/kyoto-sauna.kz\/\">1xbet<\/a><\/div>\n<div style=\"overflow:hidden;height:1px\"><a href=\"https:\/\/buzz-ray.com\/\">1xbet uz<\/a><\/div>\n<div style=\"overflow:hidden;height:1px\"><a href=\"https:\/\/www.exploradorhidrogenoverde.cl\/\">Pin-Up casino online<\/a><\/div>\n<div style=\"overflow:hidden;height:1px\"><a href=\"https:\/\/kazakhkures.kz\/\">\u043f\u0438\u043d\u0430\u043f \u0441\u0442\u0430\u0432\u043a\u0438<\/a><\/div>\n<div style=\"overflow:hidden;height:1px\"><a href=\"https:\/\/bingolotoclick.com\/\">lotoclub<\/a><\/div>\n<div style=\"overflow:hidden;height:1px\"><a href=\"https:\/\/bons-casinos.com\/\">\ubcf8\uc988\uce74\uc9c0\ub178<\/a><\/div>\n<div style=\"overflow:hidden;height:1px\"><a href=\"https:\/\/fastloto-casino.com\/\">fast loto<\/a><\/div>\n<div style=\"overflow:hidden;height:1px\"><a href=\"https:\/\/raja567casino.com\/\">www.raja567<\/a><\/div>\n<div style=\"overflow:hidden;height:1px\"><a href=\"https:\/\/mostbet-kg.org\/\">mostbet kg<\/a><\/div>\n<div style=\"overflow:hidden;height:1px\"><a href=\"https:\/\/mirax-us.com\/\">mirax<\/a><\/div>\n<div style=\"overflow:hidden;height:1px\"><a href=\"https:\/\/arlekin-casinos.com\/\">arlekin casino<\/a><\/div>\n<div style=\"overflow:hidden;height:1px\"><a href=\"https:\/\/duelbits-en-ligne.com\/\">duelbits casino<\/a><\/div>\n<div style=\"overflow:hidden;height:1px\"><a href=\"https:\/\/sultangames.kz\/\">https:\/\/sultangames.kz\/<\/a><\/div>\n<div style=\"overflow:hidden;height:1px\"><a href=\"https:\/\/melbetzerkalopro.ru\/\">melbet \u0437\u0435\u0440\u043a\u0430\u043b\u043e<\/a><\/div>\n<div style=\"overflow:hidden;height:1px\"><a href=\"https:\/\/vuabets88.com\/\">vuabet88<\/a><\/div>\n<div style=\"overflow:hidden;height:1px\"><a href=\"https:\/\/ufabet-168.in.th\/\">ufabet168 \u0e40\u0e02\u0e49\u0e32\u0e2a\u0e39\u0e48\u0e23\u0e30\u0e1a\u0e1a<\/a><\/div>\n<div style=\"overflow:hidden;height:1px\"><a href=\"https:\/\/yanaq.biz\/\">1xbet indir<\/a><\/div>\n<div style=\"overflow:hidden;height:1px\"><a href=\"https:\/\/slottica-kz.net\">slottica casino<\/a><\/div>\n<div style=\"overflow:hidden;height:1px\"><a href=\"https:\/\/nord-fx.net\/stavki-na-kibersport-polnyy-obzor-dlya-igrokov-kazakhstana\/\">\u0441\u0442\u0430\u0432\u043a\u0438 \u043d\u0430 \u043a\u0438\u0431\u0435\u0440\u0441\u043f\u043e\u0440\u0442<\/a><\/div>\n<div style=\"overflow:hidden;height:1px\"><a href=\"https:\/\/lottoclicker.com\/\">lotoclub me<\/a><\/div>\n<div style=\"overflow:hidden;height:1px\"><a href=\"https:\/\/wazambacassino.org\/\">wazambacassino.org<\/a><\/div>\n<div style=\"overflow:hidden;height:1px\"><a href=\"https:\/\/trueluckcasinologin.com\">trueluckcasinologin.com<\/a><\/div>\n<div style=\"overflow:hidden;height:1px\"><a href=\"https:\/\/spinriselogin.com\">spinriselogin.com<\/a><\/div>\n<div style=\"overflow:hidden;height:1px\"><a href=\"https:\/\/jeet-citycasino.com\/\">https:\/\/jeet-citycasino.com\/<\/a><\/div>\n<div style=\"overflow:hidden;height:1px\"><a href=\"https:\/\/casinowildsino.org\">Wildsino Casino Bonus ohne Einzahlung<\/a><\/div>\n<div style=\"overflow:hidden;height:1px\"><a href=\"https:\/\/jetwithcomfort.com\/de\/\">https:\/\/jetwithcomfort.com\/de\/<\/a><\/div>\n<div style=\"overflow:hidden;height:1px\"><a href=\"https:\/\/moonwining.com\/sl\/\">https:\/\/moonwining.com\/sl\/<\/a><\/div>\n<div style=\"overflow:hidden;height:1px\"><a href=\"https:\/\/moon-win.org\/fr\/\">https:\/\/moon-win.org\/fr\/<\/a><\/div>\n<div style=\"overflow:hidden;height:1px\"><a href=\"https:\/\/moonwincasino.org\/sl\/\">https:\/\/moonwincasino.org\/sl\/<\/a><\/div>\n<div style=\"overflow:hidden;height:1px\"><a href=\"https:\/\/moonwinau.net\">https:\/\/moonwinau.net\/de\/<\/a><\/div>\n<div style=\"overflow:hidden;height:1px\"><a href=\"\/\/moonwin-ca.net\/fr\/\">httpss:\/\/moonwin-ca.net\/fr\/<\/a><\/div>\n<div style=\"overflow:hidden;height:1px\"><a href=\"https:\/\/melbetaffiliatestr.com\">melbet ortaklar\u0131<\/a><\/div>\n<div style=\"overflow:hidden;height:1px\"><a href=\"https:\/\/itower.life\/\">jetton games<\/a><\/div>\n<div style=\"overflow:hidden;height:1px\"><a href=\"https:\/\/sportsarap.com\/\">1\u0445\u0431\u0435\u0442 \u043a\u0437<\/a><\/div>\n<div style=\"overflow:hidden;height:1px\"><a href=\"https:\/\/sport-bar.org\/\">1xbet<\/a><\/div>\n<div style=\"overflow:hidden;height:1px\"><a href=\"https:\/\/f12betcasino.net\/\">f12betcasino.net<\/a><\/div>\n<div style=\"overflow:hidden;height:1px\"><a href=\"https:\/\/crashboxing.com\/\">crash box \u043e\u043d\u043b\u0430\u0439\u043d<\/a><\/div>\n<div style=\"overflow:hidden;height:1px\"><a href=\"https:\/\/repoil.kz\/\">loto<\/a><\/div>\n<div style=\"overflow:hidden;height:1px\"><a href=\"https:\/\/mostbetazeturk.com\/\">mostbet giri\u015f<\/a><\/div>\n<div style=\"overflow:hidden;height:1px\"><a href=\"https:\/\/casino-ganabet.mx\/\">casino-ganabet.mx<\/a><\/div>\n<div style=\"overflow:hidden;height:1px\"><a href=\"https:\/\/playamo-ca.org\">playamo casino<\/a><\/div>\n<div style=\"overflow:hidden;height:1px\"><a href=\"https:\/\/betplaycasino.org\/\">betplay casino<\/a><\/div>\n<div style=\"overflow:hidden;height:1px\"><a href=\"https:\/\/1xbet-s\u00f2ngb\u1ea1c.com\/\">1xbet<\/a><\/div>\n<div style=\"overflow:hidden;height:1px\"><a href=\"https:\/\/1xbet-casinoplay.com\/\">1xbet<\/a><\/div>\n<div style=\"overflow:hidden;height:1px\"><a href=\"https:\/\/melbet-zerkaloru.ru\/\">melbet \u0432\u0445\u043e\u0434 \u0437\u0435\u0440\u043a\u0430\u043b\u043e<\/a><\/div><div class=\"5d551c795d2a01f5ba6201040f0e283d\" style=\"position: absolute;top: -999618px\">The online casino landscape in Australia is becoming increasingly diverse. <a href=\"https:\/\/ripper-casino-login.com\/\">Ripper<\/a> is among the most trusted platforms, offering a variety of games and excellent service for players.<\/div><div class=\"1dcd60b789e8836cd381f4394545f5b9\" style=\"position: absolute;right: -999986px\">Australian users explore new casino platforms with excitement each day. <a href=\"https:\/\/ozwin-casinologin.com\">casino Ozwin australia<\/a> delivers interactive experiences that keep users engaged. Fast withdrawals add to its appeal.<\/div>\n<div style=\"overflow:hidden;height:1px\"><a href=\"https:\/\/trueluckcasino-online.net\">True Luck \u0441asino<\/a><\/div>\n<div style=\"overflow:hidden;height:1px\"><a href=\"https:\/\/1xbet-kazakh.kz\/\">1xbet \u043a\u0430\u0437\u0430\u0445\u0441\u0442\u0430\u043d<\/a><\/div>\n<div style=\"overflow:hidden;height:1px\"><a href=\"https:\/\/stavki-1xbet.com\/\">1\u0445\u0431\u0435\u0442 \u043a\u0437<\/a><\/div>\n<div style=\"overflow:hidden;height:1px\"><a href=\"https:\/\/betplay-casino.org\/\">betplay casino<\/a><\/div>%3381745723319595%\n<div style=\"overflow:hidden;height:1px\"><a href=\"https:\/\/sportsbet-io.org\/\">sportsbet io \u9055\u6cd5<\/a><\/div>\n<div style=\"overflow:hidden;height:1px\"><a href=\"https:\/\/candyspinz.info\">Candy Spinz cazinou<\/a><\/div>\n<div style=\"overflow:hidden;height:1px\"><a href=\"https:\/\/wild-io.com\">wild io<\/a><\/div>\n<div style=\"overflow:hidden;height:1px\"><a href=\"https:\/\/neonwin.org\/\">neon win<\/a><\/div>","protected":false},"excerpt":{"rendered":"<p>Welcome \u6b22\u8fce\u5149\u4e34 Please scan the QR code to make your order, Thank you ! \u8bf7\u626b\u7801\u70b9\u9910\uff0c \u8c22\u8c22 \uff01 pin up casino \u043e\u0444\u0438\u0446\u0438\u0430\u043b\u044c\u043d\u044b\u0439 \u0441\u0430\u0439\u0442 medium psychic near me zkittlez strain uk thc disposable vape uk Azino777 olimp casino kz lotoclub37 xxx pornitos cumatozz xxx %2171725801947342% jeetcity stake 1xbet uz casino 770 machines a sous gratuites aviator indir [&hellip;]<\/p>\n","protected":false},"author":2,"featured_media":0,"parent":0,"menu_order":0,"comment_status":"closed","ping_status":"closed","template":"","meta":{"footnotes":""},"class_list":["post-403","page","type-page","status-publish","hentry"],"_links":{"self":[{"href":"https:\/\/xinyumin.com\/index.php?rest_route=\/wp\/v2\/pages\/403","targetHints":{"allow":["GET"]}}],"collection":[{"href":"https:\/\/xinyumin.com\/index.php?rest_route=\/wp\/v2\/pages"}],"about":[{"href":"https:\/\/xinyumin.com\/index.php?rest_route=\/wp\/v2\/types\/page"}],"author":[{"embeddable":true,"href":"https:\/\/xinyumin.com\/index.php?rest_route=\/wp\/v2\/users\/2"}],"replies":[{"embeddable":true,"href":"https:\/\/xinyumin.com\/index.php?rest_route=%2Fwp%2Fv2%2Fcomments&post=403"}],"version-history":[{"count":183,"href":"https:\/\/xinyumin.com\/index.php?rest_route=\/wp\/v2\/pages\/403\/revisions"}],"predecessor-version":[{"id":51953,"href":"https:\/\/xinyumin.com\/index.php?rest_route=\/wp\/v2\/pages\/403\/revisions\/51953"}],"wp:attachment":[{"href":"https:\/\/xinyumin.com\/index.php?rest_route=%2Fwp%2Fv2%2Fmedia&parent=403"}],"curies":[{"name":"wp","href":"https:\/\/api.w.org\/{rel}","templated":true}]}}